{"id":751,"date":"2014-01-04T19:59:31","date_gmt":"2014-01-04T17:59:31","guid":{"rendered":"https:\/\/anjaschlamann.com\/?page_id=751"},"modified":"2014-02-02T20:29:31","modified_gmt":"2014-02-02T20:29:31","slug":"experience-reports","status":"publish","type":"page","link":"https:\/\/anjaschlamann.com\/en\/experience-reports","title":{"rendered":"experience reports"},"content":{"rendered":"<p><img decoding=\"async\" loading=\"lazy\" class=\"alignnone size-full wp-image-697\" alt=\"marrak_web\" src=\"https:\/\/anjaschlamann.com\/wp-content\/uploads\/2014\/01\/marrak_web.jpg\" width=\"390\" height=\"530\" srcset=\"https:\/\/anjaschlamann.com\/wp-content\/uploads\/2014\/01\/marrak_web.jpg 390w, https:\/\/anjaschlamann.com\/wp-content\/uploads\/2014\/01\/marrak_web-220x300.jpg 220w\" sizes=\"(max-width: 390px) 100vw, 390px\" \/><\/p>\n<div class=\"box\">\n<p class=\"bodytext\">*** eine gelungene kombination aus workshop-lernen-urlaubsfeeling. *** sehr anregend, inspirierend! *** besonders gefallen hat mir: die frei bleibende zeit, die pers\u00f6nliche auseinandersetzung mit jeder einzelnen person. *** der ort, die gruppe, die kombination mit dem ausflug ins atlas-gebirge &#8211; alles super! gern wieder! gruppenst\u00e4rke optimal, betreuung\/ leitung super! spassfaktor hoch! *** gesamtbewertung: sehr gut ***<\/p>\n<p class=\"bodytext\"><\/div>\n<\/p>\n<p class=\"bodytext\"><img decoding=\"async\" loading=\"lazy\" class=\"alignnone size-full wp-image-702\" alt=\"zusammen-1\" src=\"https:\/\/anjaschlamann.com\/wp-content\/uploads\/2014\/01\/zusammen-1.jpg\" width=\"428\" height=\"530\" srcset=\"https:\/\/anjaschlamann.com\/wp-content\/uploads\/2014\/01\/zusammen-1.jpg 428w, https:\/\/anjaschlamann.com\/wp-content\/uploads\/2014\/01\/zusammen-1-242x300.jpg 242w\" sizes=\"(max-width: 428px) 100vw, 428px\" \/><\/p>\n<p class=\"bodytext\">\n<div class=\"box\">\n<h1>kunstmuseum stuttgart januar 2012<\/h1>\n<p class=\"bodytext\">der aufbau des workshops war toll, ich konnte ein gef\u00fchl f\u00fcr blende und zeit entwickeln und so kann ich in zukunft manuell fotografieren. eine folgeveranstaltung w\u00e4re sch\u00f6n! PRIMA! hat ihnen das thema spass gemacht? ja, sehr! was hat ihnen besonders gut gefallen? die beurteilung der fotoarbeiten. hat ihnen etwas gefehlt? ja &#8211; zeit!<\/p>\n<p class=\"bodytext\"><\/div>\n<\/p>\n<p><!--more--><\/p>\n<p><img decoding=\"async\" loading=\"lazy\" class=\"alignnone size-full wp-image-699\" alt=\"web_02\" src=\"https:\/\/anjaschlamann.com\/wp-content\/uploads\/2014\/01\/web_02.jpg\" width=\"258\" height=\"530\" srcset=\"https:\/\/anjaschlamann.com\/wp-content\/uploads\/2014\/01\/web_02.jpg 258w, https:\/\/anjaschlamann.com\/wp-content\/uploads\/2014\/01\/web_02-146x300.jpg 146w\" sizes=\"(max-width: 258px) 100vw, 258px\" \/><\/p>\n<div class=\"box\">\n<h1>international workshop &#8220;photographic perception&#8221;, euregio, 10.2011<\/h1>\n<p>Analogue shooting was the first and hardest assignment. I can say with some regret that we\u2019ve become slaves to the digital era. Just taking pictures without thinking. Only now I realize that the same, or even better, result can be achieved by just thinking before doing. \u2018Take your time\u2019 my mentor Anja Schlamann would say. She was a great teacher who learned me a lot during this short workshop during 2 weekends. Landscape was my theme during the first assignment. Not knowing what the disposable camera would give as result I tried to look for the best compositions in which scale, nature and man made structures play an essential role. After discovering our \u2018playground\u2019 in Kelmis (Belgium) with our disposable camera we could go back to our own digital cameras. We all chose a new theme in which she guided us. First trying to tell what we wanted to photograph so we could try to achieve the result we had in mind. The pictures get a deeper meaning and aren\u2019t accidently made. My theme turned out to be \u2018the bridge\u2019 that turns trough the landscape that has a presence that you couldn\u2019t grasp the first time you stand underneath it.<\/p>\n<\/div>\n<div class=\"box\">\n<p>The columns that seem to reach the sky stands in between nature and village. This fascinating and at the same time indefinable feeling is the subject of my photos. Thanks to great guidance the result is exactly that what I wanted to achieve. The Euregional experience made it sometimes difficult to communicate especially the jargon of photography. At the same time it was very learn full. New perspectives on different topics and different ways of approach of the other students stimulated me in a positive way. Thanks to SCHUNCK for this wonderful experience! &#8212; Robbert Errico<\/p>\n<\/div>\n<p><img decoding=\"async\" loading=\"lazy\" class=\"alignnone size-full wp-image-700\" alt=\"web\" src=\"https:\/\/anjaschlamann.com\/wp-content\/uploads\/2014\/01\/web.jpg\" width=\"366\" height=\"530\" srcset=\"https:\/\/anjaschlamann.com\/wp-content\/uploads\/2014\/01\/web.jpg 366w, https:\/\/anjaschlamann.com\/wp-content\/uploads\/2014\/01\/web-207x300.jpg 207w\" sizes=\"(max-width: 366px) 100vw, 366px\" \/><\/p>\n<div class=\"box\">\n<h1>m\u00fcnchen, st. anna im lehel, 11.2011<\/h1>\n<p class=\"bodytext\">*** habe sehr viel mitgenommen! *** super, immer gerne wieder! *** besonders hat mir die feundliche besprechung und das arbeiten vor ort gefallen. *** detaillierte bildbesprechung sehr spannend und nachvollziehbar. *** sehr gute organisation, f\u00fcr den zeitraum optimal ausgenutzt, ohne hetze. *** sch\u00f6ne arbeitsatmosph\u00e4re *** erwartungen mehr als erf\u00fcllt &#8211; bin jederzeit f\u00fcr weitere seminare bereit! *** vielen dank! ***<\/p>\n<\/div>\n<p><img decoding=\"async\" loading=\"lazy\" class=\"alignnone size-full wp-image-698\" alt=\"web_01\" src=\"https:\/\/anjaschlamann.com\/wp-content\/uploads\/2014\/01\/web_01.jpg\" width=\"469\" height=\"530\" srcset=\"https:\/\/anjaschlamann.com\/wp-content\/uploads\/2014\/01\/web_01.jpg 469w, https:\/\/anjaschlamann.com\/wp-content\/uploads\/2014\/01\/web_01-265x300.jpg 265w\" sizes=\"(max-width: 469px) 100vw, 469px\" \/><\/p>\n<div class=\"box\">\n<div class=\"csc-header csc-header-n14\">\n<h1>philharmonie, k\u00f6ln, 11.2011<\/h1>\n<\/div>\n<p class=\"bodytext\">*** sehr nette gruppensitzungen + leitung motivierend, teilnehmer-orientiert *** sehr individuelle betreuung *** das thema hat mir SEHR viel spass gemacht *** was hat ihnen besonders gut gefallen: ALLES! *** alles super, toller service *** super team, super dozentin, passende location ***<\/p>\n<p class=\"bodytext\"><\/div>\n<\/p>\n<p class=\"bodytext\"><img decoding=\"async\" loading=\"lazy\" class=\"alignnone size-full wp-image-701\" alt=\"zusammen_web\" src=\"https:\/\/anjaschlamann.com\/wp-content\/uploads\/2014\/01\/zusammen_web.jpg\" width=\"321\" height=\"530\" srcset=\"https:\/\/anjaschlamann.com\/wp-content\/uploads\/2014\/01\/zusammen_web.jpg 321w, https:\/\/anjaschlamann.com\/wp-content\/uploads\/2014\/01\/zusammen_web-181x300.jpg 181w\" sizes=\"(max-width: 321px) 100vw, 321px\" \/><\/p>\n<p class=\"bodytext\">\n<div class=\"box\">\n<div class=\"csc-header csc-header-n16\">\n<h1>AIT architektursalon, m\u00fcnchen, april11<\/h1>\n<\/div>\n<p class=\"bodytext\">*** selten ein so gutes seminar erlebt. *** gut strukturiert und trotzdem locker und freundlich. *** seminar unbedingt weiterf\u00fchren! *** besonders hat mir gefallen: das eingehen auf pers\u00f6nliche fragen und problematiken; grosse sympathie und sch\u00f6ne rethorik! die geschwindigkeit ist gut, man hat zeit, sich gedanken \u00fcber anregungen zu machen und nimmt informationen leicht auf. sehr nett gemacht, professionell und kompetent. grosser vorteil, dass du architektin bist. danke! *** tolle atmosph\u00e4re, sehr fundierte analysen. ich habe eine menge gelernt. *** gute methodik &#8211; sehr konzentriert &#8211; f\u00fcr mich im ersten moment manchmal sehr viel. *** herzlichen dank, gern auf ein wiedersehen! ***<\/p>\n<p class=\"bodytext\"><\/div>\n<\/p>\n<p class=\"bodytext\"><img decoding=\"async\" loading=\"lazy\" class=\"alignnone size-full wp-image-696\" alt=\"gsm\" src=\"https:\/\/anjaschlamann.com\/wp-content\/uploads\/2014\/01\/gsm.jpg\" width=\"390\" height=\"530\" srcset=\"https:\/\/anjaschlamann.com\/wp-content\/uploads\/2014\/01\/gsm.jpg 390w, https:\/\/anjaschlamann.com\/wp-content\/uploads\/2014\/01\/gsm-220x300.jpg 220w\" sizes=\"(max-width: 390px) 100vw, 390px\" \/><\/p>\n<p class=\"bodytext\">\n<div class=\"box\">\n<h1>gross st. martin, k\u00f6ln, 04.11<\/h1>\n<\/div>\n<p><img decoding=\"async\" loading=\"lazy\" class=\"alignnone size-full wp-image-693\" alt=\"fotos\" src=\"https:\/\/anjaschlamann.com\/wp-content\/uploads\/2014\/01\/fotos.jpg\" width=\"344\" height=\"530\" srcset=\"https:\/\/anjaschlamann.com\/wp-content\/uploads\/2014\/01\/fotos.jpg 344w, https:\/\/anjaschlamann.com\/wp-content\/uploads\/2014\/01\/fotos-194x300.jpg 194w\" sizes=\"(max-width: 344px) 100vw, 344px\" \/><\/p>\n<div class=\"box\">\n<div class=\"csc-header csc-header-n22\">\n<h1>seminar OPER k\u00f6ln, 10.2010<\/h1>\n<\/div>\n<p class=\"bodytext\">*** vielen dank! TS * tips f\u00fcr ver\u00e4nderung\/ was fehlt? ZEIT! RP * anders, als ich es mir vorgestellt habe in bezug auf architekturfotografie, jedoch ein sehr gehaltvolles seminar, vielen dank! JH * zu wenig zeit. SL * wunsch nach strengeren vorgaben IL ***<\/p>\n<p class=\"bodytext\"><\/div>\n<\/p>\n<p class=\"bodytext\"><img decoding=\"async\" loading=\"lazy\" class=\"alignnone size-full wp-image-694\" alt=\"fuegung_01\" src=\"https:\/\/anjaschlamann.com\/wp-content\/uploads\/2014\/01\/fuegung_01.jpg\" width=\"417\" height=\"530\" srcset=\"https:\/\/anjaschlamann.com\/wp-content\/uploads\/2014\/01\/fuegung_01.jpg 417w, https:\/\/anjaschlamann.com\/wp-content\/uploads\/2014\/01\/fuegung_01-236x300.jpg 236w\" sizes=\"(max-width: 417px) 100vw, 417px\" \/><\/p>\n<p class=\"bodytext\">\n<div class=\"box\">\n<h1>kunstsommer irsee 2010<\/h1>\n<p class=\"bodytext\">*** herzlichen dank f\u00fcr deine harn\u00e4ckigkeit, deine geduld, aber auch deine lebensfreude und deinen humor, der unseren kurs so bereichert hat! DANKE! VS * hart in den anforderungen, charmant im f\u00f6rdern, aufbauend beim frust. GS * das seminar hat zu neuen erfahrungen angetrieben. ich h\u00e4tte mir noch mehr zeit f\u00fcr diskussionen \u00fcber einzelne bilder gew\u00fcnscht &#8211; aber ich w\u00fcsste auch nicht, was man daf\u00fcr weglassen sollte!? JW * hinf\u00fchren zu eigenem stil. GS * habe so viel gelernt; eine sache nach der anderen abzuarbeiten, sich mit einem thema zu besch\u00e4ftigen. w\u00fcrde gern nochmals mit anja einen fotokurs machen. gutes klima, tolle arbeit. TSV * nochmals vielen dank f\u00fcr die sch\u00f6ne woche, dein engagement &#8230; SK ***<\/p>\n<p class=\"bodytext\">augsburger allgemeine zeitung 9.08.2010: &#8220;&#8230; gelungen auch die wenigen, aber beeindruckenden ergebnisse der klasse von anja schlamann. die k\u00f6lner architekturfotografin setzte ihre sch\u00fcler auf das irseer klostergeb\u00e4ude an, und sie lieferten ungew\u00f6hnliche perspektiven und einblicke, nicht nur in die barocke klosteranlage, sondern auch auf menschen, die hier t\u00e4tig sind oder effektivvoll platziert wurden. neben ihren &#8220;meisterfotos&#8221; pr\u00e4sentierten die teilnehmer &#8211; wie in anderen kursen auch &#8211; zus\u00e4tzlich die entstehungsprozesse ihrer werke. &#8230;&#8221;<\/p>\n<p class=\"bodytext\"><\/div>\n<\/p>\n<p class=\"bodytext\"><!--more--><\/p>\n<p class=\"bodytext\">\n","protected":false},"excerpt":{"rendered":"","protected":false},"author":1,"featured_media":0,"parent":0,"menu_order":3,"comment_status":"closed","ping_status":"open","template":"","meta":[],"yoast_head":"<!-- This site is optimized with the Yoast SEO plugin v19.10 - https:\/\/yoast.com\/wordpress\/plugins\/seo\/ -->\n<title>experience reports - Anja Schlamann<\/title>\n<meta name=\"robots\" content=\"index, follow, max-snippet:-1, max-image-preview:large, max-video-preview:-1\" \/>\n<link rel=\"canonical\" href=\"https:\/\/anjaschlamann.com\/en\/experience-reports\" \/>\n<meta property=\"og:locale\" content=\"en_US\" \/>\n<meta property=\"og:type\" content=\"article\" \/>\n<meta property=\"og:title\" content=\"experience reports - Anja Schlamann\" \/>\n<meta property=\"og:url\" content=\"https:\/\/anjaschlamann.com\/en\/experience-reports\" \/>\n<meta property=\"og:site_name\" content=\"Anja Schlamann\" \/>\n<meta property=\"article:modified_time\" content=\"2014-02-02T20:29:31+00:00\" \/>\n<meta property=\"og:image\" content=\"https:\/\/anjaschlamann.com\/wp-content\/uploads\/2014\/01\/marrak_web.jpg\" \/>\n<meta name=\"twitter:label1\" content=\"Est. reading time\" \/>\n\t<meta name=\"twitter:data1\" content=\"4 minutes\" \/>\n<script type=\"application\/ld+json\" class=\"yoast-schema-graph\">{\"@context\":\"https:\/\/schema.org\",\"@graph\":[{\"@type\":\"WebPage\",\"@id\":\"https:\/\/anjaschlamann.com\/en\/experience-reports\",\"url\":\"https:\/\/anjaschlamann.com\/en\/experience-reports\",\"name\":\"experience reports - Anja Schlamann\",\"isPartOf\":{\"@id\":\"https:\/\/anjaschlamann.com\/#website\"},\"datePublished\":\"2014-01-04T17:59:31+00:00\",\"dateModified\":\"2014-02-02T20:29:31+00:00\",\"breadcrumb\":{\"@id\":\"https:\/\/anjaschlamann.com\/en\/experience-reports#breadcrumb\"},\"inLanguage\":\"en-US\",\"potentialAction\":[{\"@type\":\"ReadAction\",\"target\":[\"https:\/\/anjaschlamann.com\/en\/experience-reports\"]}]},{\"@type\":\"BreadcrumbList\",\"@id\":\"https:\/\/anjaschlamann.com\/en\/experience-reports#breadcrumb\",\"itemListElement\":[{\"@type\":\"ListItem\",\"position\":1,\"name\":\"Home\",\"item\":\"https:\/\/anjaschlamann.com\/\"},{\"@type\":\"ListItem\",\"position\":2,\"name\":\"experience reports\"}]},{\"@type\":\"WebSite\",\"@id\":\"https:\/\/anjaschlamann.com\/#website\",\"url\":\"https:\/\/anjaschlamann.com\/\",\"name\":\"Anja Schlamann\",\"description\":\"Fotografin\",\"potentialAction\":[{\"@type\":\"SearchAction\",\"target\":{\"@type\":\"EntryPoint\",\"urlTemplate\":\"https:\/\/anjaschlamann.com\/?s={search_term_string}\"},\"query-input\":\"required name=search_term_string\"}],\"inLanguage\":\"en-US\"}]}<\/script>\n<!-- \/ Yoast SEO plugin. -->","yoast_head_json":{"title":"experience reports - Anja Schlamann","robots":{"index":"index","follow":"follow","max-snippet":"max-snippet:-1","max-image-preview":"max-image-preview:large","max-video-preview":"max-video-preview:-1"},"canonical":"https:\/\/anjaschlamann.com\/en\/experience-reports","og_locale":"en_US","og_type":"article","og_title":"experience reports - Anja Schlamann","og_url":"https:\/\/anjaschlamann.com\/en\/experience-reports","og_site_name":"Anja Schlamann","article_modified_time":"2014-02-02T20:29:31+00:00","og_image":[{"url":"https:\/\/anjaschlamann.com\/wp-content\/uploads\/2014\/01\/marrak_web.jpg"}],"twitter_misc":{"Est. reading time":"4 minutes"},"schema":{"@context":"https:\/\/schema.org","@graph":[{"@type":"WebPage","@id":"https:\/\/anjaschlamann.com\/en\/experience-reports","url":"https:\/\/anjaschlamann.com\/en\/experience-reports","name":"experience reports - Anja Schlamann","isPartOf":{"@id":"https:\/\/anjaschlamann.com\/#website"},"datePublished":"2014-01-04T17:59:31+00:00","dateModified":"2014-02-02T20:29:31+00:00","breadcrumb":{"@id":"https:\/\/anjaschlamann.com\/en\/experience-reports#breadcrumb"},"inLanguage":"en-US","potentialAction":[{"@type":"ReadAction","target":["https:\/\/anjaschlamann.com\/en\/experience-reports"]}]},{"@type":"BreadcrumbList","@id":"https:\/\/anjaschlamann.com\/en\/experience-reports#breadcrumb","itemListElement":[{"@type":"ListItem","position":1,"name":"Home","item":"https:\/\/anjaschlamann.com\/"},{"@type":"ListItem","position":2,"name":"experience reports"}]},{"@type":"WebSite","@id":"https:\/\/anjaschlamann.com\/#website","url":"https:\/\/anjaschlamann.com\/","name":"Anja Schlamann","description":"Fotografin","potentialAction":[{"@type":"SearchAction","target":{"@type":"EntryPoint","urlTemplate":"https:\/\/anjaschlamann.com\/?s={search_term_string}"},"query-input":"required name=search_term_string"}],"inLanguage":"en-US"}]}},"_links":{"self":[{"href":"https:\/\/anjaschlamann.com\/en\/wp-json\/wp\/v2\/pages\/751"}],"collection":[{"href":"https:\/\/anjaschlamann.com\/en\/wp-json\/wp\/v2\/pages"}],"about":[{"href":"https:\/\/anjaschlamann.com\/en\/wp-json\/wp\/v2\/types\/page"}],"author":[{"embeddable":true,"href":"https:\/\/anjaschlamann.com\/en\/wp-json\/wp\/v2\/users\/1"}],"replies":[{"embeddable":true,"href":"https:\/\/anjaschlamann.com\/en\/wp-json\/wp\/v2\/comments?post=751"}],"version-history":[{"count":1,"href":"https:\/\/anjaschlamann.com\/en\/wp-json\/wp\/v2\/pages\/751\/revisions"}],"predecessor-version":[{"id":752,"href":"https:\/\/anjaschlamann.com\/en\/wp-json\/wp\/v2\/pages\/751\/revisions\/752"}],"wp:attachment":[{"href":"https:\/\/anjaschlamann.com\/en\/wp-json\/wp\/v2\/media?parent=751"}],"curies":[{"name":"wp","href":"https:\/\/api.w.org\/{rel}","templated":true}]}}